{"id":11,"date":"2017-07-26T17:32:55","date_gmt":"2017-07-26T17:32:55","guid":{"rendered":"http:\/\/bvfactoring.cl\/web\/?page_id=11"},"modified":"2017-10-12T20:15:49","modified_gmt":"2017-10-13T00:15:49","slug":"factoring","status":"publish","type":"page","link":"https:\/\/bvfactoring.cl\/web\/factoring\/","title":{"rendered":"Qu\u00e9 es un factoring"},"content":{"rendered":"<div class=\"wpb-content-wrapper\"><p>[vc_row row_type=&#8221;parallax&#8221; parallax_content_width=&#8221;in_grid&#8221; text_align=&#8221;center&#8221; background_image=&#8221;502&#8243; full_screen_section_height=&#8221;no&#8221;][vc_column css=&#8221;.vc_custom_1472736346660{padding-top: 82px !important;padding-bottom: 96px !important;}&#8221;][vc_column_text]<\/p>\n<h3>Nuestro servicio es ofrecer una moderna y \u00e1gil herramienta financiera<br \/>\npara apoyar a las Pymes.<\/h3>\n<p>[\/vc_column_text][vc_empty_space height=&#8221;65px&#8221;][vc_row_inner row_type=&#8221;row&#8221; type=&#8221;full_width&#8221; text_align=&#8221;left&#8221; css_animation=&#8221;&#8221;][vc_column_inner width=&#8221;1\/2&#8243;][vc_column_text]<\/p>\n<p style=\"text-align: justify;\">En el sector comercial la mayor\u00eda de empresas venden sus productos o servicios a los clientes, con un plazo de pago determinado, que puede estar entre los 30 y 90 d\u00edas. Cuando estas empresas requieren liquidez para ajustar de una mejor manera su flujo de caja, o cuando no est\u00e1n dispuestas a esperar todo el plazo de pago de las facturas por parte de sus clientes, pueden acudir al Factoring como una fuente de recursos que apoyan el desarrollo de su negocio.<\/p>\n<p>[\/vc_column_text][\/vc_column_inner][vc_column_inner width=&#8221;1\/2&#8243;][vc_column_text]<\/p>\n<p style=\"text-align: justify;\">Con el Factoring las empresas pueden acceder al pago anticipado de sus cuentas por cobrar (facturas, cheques, letras) y de esta manera conseguir anticipadamente los recursos que necesitan. Esto permite optimizar la gesti\u00f3n de las cuentas por cobrar de las peque\u00f1as y medianas empresas, otorg\u00e1ndoles la liquidez o el financiamiento de acuerdo a los plazos de las facturas o ducumentos. Por lo tanto, el Factoring se convierte en una excelente herramienta financiera para que las empresas crezcan y no se detengan.<\/p>\n<p>[\/vc_column_text][\/vc_column_inner][\/vc_row_inner][vc_empty_space height=&#8221;65px&#8221;][vc_column_text]<\/p>\n<h3>Las principales ventajas de trabajar con nosotros.<\/h3>\n<p>[\/vc_column_text][vc_empty_space height=&#8221;65px&#8221;][vc_row_inner row_type=&#8221;row&#8221; type=&#8221;full_width&#8221; text_align=&#8221;center&#8221; css_animation=&#8221;&#8221;][vc_column_inner width=&#8221;1\/2&#8243; offset=&#8221;vc_col-lg-3 vc_col-md-3&#8243; css=&#8221;.vc_custom_1473945552834{padding-right: 5% !important;padding-left: 5% !important;}&#8221;]<div class=\"qode-info-card-with-icon\">\n    <div class=\"qode-icwi-image-icon-holder qode-start-icon-hover\">\n\t\t\t\t\t<a href=\"#\" target=\"\">\n\t\t\t\t\t\t\t<div class=\"qode-icwi-image\">\n\t\t\t\t<img decoding=\"async\" src=\"https:\/\/bvfactoring.cl\/web\/wp-content\/uploads\/2017\/07\/ventaja1.jpg\" alt=\"\" \/>\n\t\t\t<\/div>\n\t\t\t\t<div class=\"qode-icwi-icon-holder\">\n\t\t\t<span class=\"qode-icon-holder qode-icon-circle\"  style=\"font-size:50px;background-color:#e26e34;width: 103px;height: 103px;line-height: 103px\" data-hover-background-color=\"#ffffff\" data-hover-color=\"#023368\" data-color=\"#ffffff\">\n\t\t\t\t<i class=\"qode_icon_font_awesome fa fa-money qode-icon-element\" style=\"color:#ffffff\" ><\/i>\t\t\t<\/span>\n\t\t<\/div>\n\t\t\t\t\t<\/a>\n\t\t\t<\/div>\n\t<div class=\"qode-icwi-text-holder\">\n\t\t\t\t\t<h5 class=\"qode-icwi-title\">\n\t\t\t\tLIQUIDEZ INMEDIATA\t\t\t<\/h5>\n\t\t\t\t\t\t\t<p class=\"qode-icwi-text\">\n\t\t\t\tSu empresa no tiene que esperar a la fecha de pago de la factura u otro documento para recibir el dinero de \u00e9ste.\t\t\t<\/p>\n\t\t\t<\/div>\n<\/div>[vc_empty_space height=&#8221;30px&#8221;][\/vc_column_inner][vc_column_inner width=&#8221;1\/2&#8243; offset=&#8221;vc_col-lg-3 vc_col-md-3&#8243;]<div class=\"qode-info-card-with-icon\">\n    <div class=\"qode-icwi-image-icon-holder qode-start-icon-hover\">\n\t\t\t\t\t<a href=\"#\" target=\"\">\n\t\t\t\t\t\t\t<div class=\"qode-icwi-image\">\n\t\t\t\t<img decoding=\"async\" src=\"https:\/\/bvfactoring.cl\/web\/wp-content\/uploads\/2016\/09\/home-image-2.jpg\" alt=\"\" \/>\n\t\t\t<\/div>\n\t\t\t\t<div class=\"qode-icwi-icon-holder\">\n\t\t\t<span class=\"qode-icon-holder qode-icon-circle\"  style=\"font-size:50px;background-color:#e26e34;width: 103px;height: 103px;line-height: 103px\" data-hover-background-color=\"#ffffff\" data-hover-color=\"#023368\" data-color=\"#ffffff\">\n\t\t\t\t<span aria-hidden=\"true\" class=\"qode_icon_font_elegant icon_like_alt qode-icon-element\" style=\"color:#ffffff\" ><\/span>\t\t\t<\/span>\n\t\t<\/div>\n\t\t\t\t\t<\/a>\n\t\t\t<\/div>\n\t<div class=\"qode-icwi-text-holder\">\n\t\t\t\t\t<h5 class=\"qode-icwi-title\">\n\t\t\t\tDISMINUYA COSTOS\t\t\t<\/h5>\n\t\t\t\t\t\t\t<p class=\"qode-icwi-text\">\n\t\t\t\tAhorre en gastos de administraci\u00f3n y cobranza y reduzca el plazo de financiamiento de su capital de trabajo.\t\t\t<\/p>\n\t\t\t<\/div>\n<\/div>[vc_empty_space height=&#8221;30px&#8221;][\/vc_column_inner][vc_column_inner width=&#8221;1\/2&#8243; offset=&#8221;vc_col-lg-3 vc_col-md-3&#8243;]<div class=\"qode-info-card-with-icon\">\n    <div class=\"qode-icwi-image-icon-holder qode-start-icon-hover\">\n\t\t\t\t\t<a href=\"#\" target=\"\">\n\t\t\t\t\t\t\t<div class=\"qode-icwi-image\">\n\t\t\t\t<img decoding=\"async\" src=\"https:\/\/bvfactoring.cl\/web\/wp-content\/uploads\/2016\/09\/home-image-3.jpg\" alt=\"\" \/>\n\t\t\t<\/div>\n\t\t\t\t<div class=\"qode-icwi-icon-holder\">\n\t\t\t<span class=\"qode-icon-holder qode-icon-circle\"  style=\"font-size:50px;background-color:#e26e34;width: 103px;height: 103px;line-height: 103px\" data-hover-background-color=\"#ffffff\" data-hover-color=\"#023368\" data-color=\"#ffffff\">\n\t\t\t\t<i class=\"qode_icon_font_awesome fa fa-bell-o qode-icon-element\" style=\"color:#ffffff\" ><\/i>\t\t\t<\/span>\n\t\t<\/div>\n\t\t\t\t\t<\/a>\n\t\t\t<\/div>\n\t<div class=\"qode-icwi-text-holder\">\n\t\t\t\t\t<h5 class=\"qode-icwi-title\">\n\t\t\t\tOLVIDESE DE COBRAR\t\t\t<\/h5>\n\t\t\t\t\t\t\t<p class=\"qode-icwi-text\">\n\t\t\t\tNosotros nos encargamos de recepcionar y cobrar los documentos de pago a sus clientes.\t\t\t<\/p>\n\t\t\t<\/div>\n<\/div>[vc_empty_space height=&#8221;30px&#8221;][\/vc_column_inner][vc_column_inner width=&#8221;1\/2&#8243; offset=&#8221;vc_col-lg-3 vc_col-md-3&#8243;]<div class=\"qode-info-card-with-icon\">\n    <div class=\"qode-icwi-image-icon-holder qode-start-icon-hover\">\n\t\t\t\t\t<a href=\"#\" target=\"\">\n\t\t\t\t\t\t\t<div class=\"qode-icwi-image\">\n\t\t\t\t<img decoding=\"async\" src=\"https:\/\/bvfactoring.cl\/web\/wp-content\/uploads\/2016\/09\/home-image-4.jpg\" alt=\"\" \/>\n\t\t\t<\/div>\n\t\t\t\t<div class=\"qode-icwi-icon-holder\">\n\t\t\t<span class=\"qode-icon-holder qode-icon-circle\"  style=\"font-size:50px;background-color:#e26e34;width: 103px;height: 103px;line-height: 103px\" data-hover-background-color=\"#ffffff\" data-hover-color=\"#023368\" data-color=\"#ffffff\">\n\t\t\t\t<span aria-hidden=\"true\" class=\"qode_icon_font_elegant icon_comment_alt qode-icon-element\" style=\"color:#ffffff\" ><\/span>\t\t\t<\/span>\n\t\t<\/div>\n\t\t\t\t\t<\/a>\n\t\t\t<\/div>\n\t<div class=\"qode-icwi-text-holder\">\n\t\t\t\t\t<h5 class=\"qode-icwi-title\">\n\t\t\t\tMANTENGASE INFORMADO\t\t\t<\/h5>\n\t\t\t\t\t\t\t<p class=\"qode-icwi-text\">\n\t\t\t\tLe informamos peri\u00f3dicamente de la solvencia de los clientes de su empresa.\t\t\t<\/p>\n\t\t\t<\/div>\n<\/div>[vc_empty_space height=&#8221;30px&#8221;][\/vc_column_inner][\/vc_row_inner][vc_empty_space height=&#8221;40px&#8221;][vc_column_text]<\/p>\n<h3>No dude en <em><a href=\"https:\/\/bvfactoring.cl\/web\/contacto\/\">contactarnos<\/a><\/em> y despejaremos todas sus dudas e inquietudes.<\/h3>\n<p>[\/vc_column_text][\/vc_column][\/vc_row]<\/p>\n<\/div>","protected":false},"excerpt":{"rendered":"<p>[vc_row row_type=&#8221;parallax&#8221; parallax_content_width=&#8221;in_grid&#8221; text_align=&#8221;center&#8221; background_image=&#8221;502&#8243; full_screen_section_height=&#8221;no&#8221;][vc_column css=&#8221;.vc_custom_1472736346660{padding-top: 82px !important;padding-bottom: 96px !important;}&#8221;][vc_column_text] Nuestro servicio es ofrecer una moderna y \u00e1gil herramienta financiera para apoyar a las Pymes. [\/vc_column_text][vc_empty_space height=&#8221;65px&#8221;][vc_row_inner row_type=&#8221;row&#8221; type=&#8221;full_width&#8221; text_align=&#8221;left&#8221; css_animation=&#8221;&#8221;][vc_column_inner width=&#8221;1\/2&#8243;][vc_column_text] En el sector comercial la mayor\u00eda de empresas venden sus productos o&#8230;<\/p>\n","protected":false},"author":1,"featured_media":0,"parent":0,"menu_order":0,"comment_status":"closed","ping_status":"closed","template":"full_width.php","meta":{"footnotes":""},"class_list":["post-11","page","type-page","status-publish","hentry"],"_links":{"self":[{"href":"https:\/\/bvfactoring.cl\/web\/wp-json\/wp\/v2\/pages\/11","targetHints":{"allow":["GET"]}}],"collection":[{"href":"https:\/\/bvfactoring.cl\/web\/wp-json\/wp\/v2\/pages"}],"about":[{"href":"https:\/\/bvfactoring.cl\/web\/wp-json\/wp\/v2\/types\/page"}],"author":[{"embeddable":true,"href":"https:\/\/bvfactoring.cl\/web\/wp-json\/wp\/v2\/users\/1"}],"replies":[{"embeddable":true,"href":"https:\/\/bvfactoring.cl\/web\/wp-json\/wp\/v2\/comments?post=11"}],"version-history":[{"count":22,"href":"https:\/\/bvfactoring.cl\/web\/wp-json\/wp\/v2\/pages\/11\/revisions"}],"predecessor-version":[{"id":530,"href":"https:\/\/bvfactoring.cl\/web\/wp-json\/wp\/v2\/pages\/11\/revisions\/530"}],"wp:attachment":[{"href":"https:\/\/bvfactoring.cl\/web\/wp-json\/wp\/v2\/media?parent=11"}],"curies":[{"name":"wp","href":"https:\/\/api.w.org\/{rel}","templated":true}]}}