{"id":21,"date":"2017-07-26T20:06:54","date_gmt":"2017-07-26T20:06:54","guid":{"rendered":"http:\/\/bvfactoring.cl\/web\/?page_id=21"},"modified":"2017-10-12T20:16:53","modified_gmt":"2017-10-13T00:16:53","slug":"requisitos","status":"publish","type":"page","link":"https:\/\/bvfactoring.cl\/web\/requisitos\/","title":{"rendered":"Requisitos"},"content":{"rendered":"<div class=\"wpb-content-wrapper\"><p>[vc_row row_type=&#8221;parallax&#8221; parallax_content_width=&#8221;in_grid&#8221; text_align=&#8221;left&#8221; background_image=&#8221;479&#8243; full_screen_section_height=&#8221;no&#8221; css=&#8221;.vc_custom_1506452015881{padding-top: 57px !important;padding-bottom: 100px !important;background-image: url(https:\/\/bvfactoring.cl\/web\/wp-content\/uploads\/2017\/07\/fondo.jpg?id=479) !important;}&#8221;][vc_column][vc_empty_space height=&#8221;50px&#8221;][vc_column_text]<\/p>\n<h3 style=\"text-align: center;\">Documentaci\u00f3n solicitada a las empresas:<\/h3>\n<p>[\/vc_column_text][vc_empty_space height=&#8221;50px&#8221;][vc_row_inner row_type=&#8221;row&#8221; type=&#8221;grid&#8221; text_align=&#8221;left&#8221; css_animation=&#8221;&#8221;][vc_column_inner width=&#8221;1\/4&#8243;]<span data-type=\"circle\" data-hover-bg-color=\"#ffffff\" data-hover-icon-color=\"#023368\" class=\"qode_icon_shortcode fa-stack q_font_awsome_icon_stack fa-lg  \" style=\"font-size: 49px;font-size: 73px; \"><i class=\"fa fa-circle fa-stack-base fa-stack-2x\" style=\"color: #e95d26;\"><\/i><span aria-hidden=\"true\" class=\"qode_icon_font_elegant icon_genius qode_icon_element fa-stack-1x\" style=\"font-size: 49px;color: #ffffff;\" ><\/span><\/span>[vc_empty_space height=&#8221;23px&#8221;][vc_column_text]<\/p>\n<h5>BALANCE<\/h5>\n<p>[\/vc_column_text][vc_empty_space height=&#8221;18px&#8221;][vc_column_text]\u00daltimo Balance de la empresa firmado por Representante Legal.[\/vc_column_text][vc_empty_space height=&#8221;50px&#8221;][\/vc_column_inner][vc_column_inner width=&#8221;1\/4&#8243;]<span data-type=\"circle\" data-hover-bg-color=\"#ffffff\" data-hover-icon-color=\"#023368\" class=\"qode_icon_shortcode fa-stack q_font_awsome_icon_stack fa-lg  \" style=\"font-size: 49px;font-size: 73px; \"><i class=\"fa fa-circle fa-stack-base fa-stack-2x\" style=\"color: #e95d26;\"><\/i><span aria-hidden=\"true\" class=\"qode_icon_font_elegant icon_building qode_icon_element fa-stack-1x\" style=\"font-size: 49px;color: #ffffff;\" ><\/span><\/span>[vc_empty_space height=&#8221;23px&#8221;][vc_column_text]<\/p>\n<h5>RENTA<\/h5>\n<p>[\/vc_column_text][vc_empty_space height=&#8221;18px&#8221;][vc_column_text]Ultima declaraci\u00f3n de impuesto a la Renta presentada al SII.[\/vc_column_text][\/vc_column_inner][vc_column_inner width=&#8221;1\/4&#8243;]<span data-type=\"circle\" data-hover-bg-color=\"#ffffff\" data-hover-icon-color=\"#023368\" class=\"qode_icon_shortcode fa-stack q_font_awsome_icon_stack fa-lg  \" style=\"font-size: 49px;font-size: 73px; \"><i class=\"fa fa-circle fa-stack-base fa-stack-2x\" style=\"color: #e95d26;\"><\/i><span aria-hidden=\"true\" class=\"qode_icon_font_elegant icon_toolbox_alt qode_icon_element fa-stack-1x\" style=\"font-size: 49px;color: #ffffff;\" ><\/span><\/span>[vc_empty_space height=&#8221;23px&#8221;][vc_column_text]<\/p>\n<h5>IVA<\/h5>\n<p>[\/vc_column_text][vc_empty_space height=&#8221;18px&#8221;][vc_column_text]Copia de los formularios de sus \u00faltimos 12 pagos de IVA.[\/vc_column_text][\/vc_column_inner][vc_column_inner width=&#8221;1\/4&#8243;]<span data-type=\"circle\" data-hover-bg-color=\"#ffffff\" data-hover-icon-color=\"#023368\" class=\"qode_icon_shortcode fa-stack q_font_awsome_icon_stack fa-lg  \" style=\"font-size: 49px;font-size: 73px; \"><i class=\"fa fa-circle fa-stack-base fa-stack-2x\" style=\"color: #e95d26;\"><\/i><span aria-hidden=\"true\" class=\"qode_icon_font_elegant icon_easel qode_icon_element fa-stack-1x\" style=\"font-size: 49px;color: #ffffff;\" ><\/span><\/span>[vc_empty_space height=&#8221;23px&#8221;][vc_column_text]<\/p>\n<h5>SITUACI\u00d3N<\/h5>\n<p>[\/vc_column_text][vc_empty_space height=&#8221;18px&#8221;][vc_column_text]Estados de situaci\u00f3n financiera y registro de Firma del Representante Legal.[\/vc_column_text][\/vc_column_inner][\/vc_row_inner][vc_empty_space height=&#8221;50px&#8221;][vc_row_inner row_type=&#8221;row&#8221; type=&#8221;grid&#8221; text_align=&#8221;left&#8221; css_animation=&#8221;&#8221;][vc_column_inner width=&#8221;1\/3&#8243;][vc_single_image image=&#8221;489&#8243; img_size=&#8221;full&#8221; qode_css_animation=&#8221;&#8221;][\/vc_column_inner][vc_column_inner width=&#8221;2\/3&#8243;][vc_column_text]<\/p>\n<h3>Adicional a lo anterior, se solicita:<\/h3>\n<ul>\n<li>Fotocopia RUT socios y empresa.<\/li>\n<li>Copia de escritura publica de constituci\u00f3n de la Sociedad, con su respectivo extracto y publicaci\u00f3n de \u00e9ste en el Diario Oficial.<\/li>\n<li>Copia de inscripci\u00f3n en el Registro de Comercio respectivo del extracto de constituci\u00f3n de la Sociedad con anotaciones al margen otorgada a fecha reciente\u00a0 (no mas de 60 d\u00edas).<\/li>\n<li>Copia de la escritura p\u00fablica, en la cual se otorgan poderes.<\/li>\n<li>Si existiesen modificaciones, adjuntarlas junto con la inscripci\u00f3n del Conservador de Bienes Raices y publicaci\u00f3n en el Diario Oficial.<\/li>\n<\/ul>\n<h5><\/h5>\n<p>[\/vc_column_text][\/vc_column_inner][\/vc_row_inner][vc_empty_space height=&#8221;50px&#8221;][vc_column_text]<\/p>\n<h5 style=\"text-align: center;\">La oportuna presentaci\u00f3n de los antecedentes detallados anteriormente,<br \/>\nnos permitir\u00e1 otorgarle financiamiento en 24 horas.<\/h5>\n<p>[\/vc_column_text][vc_empty_space height=&#8221;50px&#8221;][\/vc_column][\/vc_row]<\/p>\n<\/div>","protected":false},"excerpt":{"rendered":"<p>[vc_row row_type=&#8221;parallax&#8221; parallax_content_width=&#8221;in_grid&#8221; text_align=&#8221;left&#8221; background_image=&#8221;479&#8243; full_screen_section_height=&#8221;no&#8221; css=&#8221;.vc_custom_1506452015881{padding-top: 57px !important;padding-bottom: 100px !important;background-image: url(https:\/\/bvfactoring.cl\/web\/wp-content\/uploads\/2017\/07\/fondo.jpg?id=479) !important;}&#8221;][vc_column][vc_empty_space height=&#8221;50px&#8221;][vc_column_text] Documentaci\u00f3n solicitada a las empresas: [\/vc_column_text][vc_empty_space height=&#8221;50px&#8221;][vc_row_inner row_type=&#8221;row&#8221; type=&#8221;grid&#8221; text_align=&#8221;left&#8221; css_animation=&#8221;&#8221;][vc_column_inner width=&#8221;1\/4&#8243;][vc_empty_space height=&#8221;23px&#8221;][vc_column_text] BALANCE [\/vc_column_text][vc_empty_space height=&#8221;18px&#8221;][vc_column_text]\u00daltimo Balance de la empresa firmado por Representante Legal.[\/vc_column_text][vc_empty_space height=&#8221;50px&#8221;][\/vc_column_inner][vc_column_inner width=&#8221;1\/4&#8243;][vc_empty_space height=&#8221;23px&#8221;][vc_column_text] RENTA [\/vc_column_text][vc_empty_space height=&#8221;18px&#8221;][vc_column_text]Ultima declaraci\u00f3n&#8230;<\/p>\n","protected":false},"author":1,"featured_media":0,"parent":0,"menu_order":0,"comment_status":"closed","ping_status":"closed","template":"full_width.php","meta":{"footnotes":""},"class_list":["post-21","page","type-page","status-publish","hentry"],"_links":{"self":[{"href":"https:\/\/bvfactoring.cl\/web\/wp-json\/wp\/v2\/pages\/21","targetHints":{"allow":["GET"]}}],"collection":[{"href":"https:\/\/bvfactoring.cl\/web\/wp-json\/wp\/v2\/pages"}],"about":[{"href":"https:\/\/bvfactoring.cl\/web\/wp-json\/wp\/v2\/types\/page"}],"author":[{"embeddable":true,"href":"https:\/\/bvfactoring.cl\/web\/wp-json\/wp\/v2\/users\/1"}],"replies":[{"embeddable":true,"href":"https:\/\/bvfactoring.cl\/web\/wp-json\/wp\/v2\/comments?post=21"}],"version-history":[{"count":17,"href":"https:\/\/bvfactoring.cl\/web\/wp-json\/wp\/v2\/pages\/21\/revisions"}],"predecessor-version":[{"id":531,"href":"https:\/\/bvfactoring.cl\/web\/wp-json\/wp\/v2\/pages\/21\/revisions\/531"}],"wp:attachment":[{"href":"https:\/\/bvfactoring.cl\/web\/wp-json\/wp\/v2\/media?parent=21"}],"curies":[{"name":"wp","href":"https:\/\/api.w.org\/{rel}","templated":true}]}}