{"id":386,"date":"2016-09-01T08:03:29","date_gmt":"2016-09-01T08:03:29","guid":{"rendered":"http:\/\/bridge84.qodeinteractive.com\/?page_id=5"},"modified":"2025-05-15T11:20:05","modified_gmt":"2025-05-15T15:20:05","slug":"home","status":"publish","type":"page","link":"https:\/\/bvfactoring.cl\/web\/","title":{"rendered":"Home"},"content":{"rendered":"<div class=\"wpb-content-wrapper\"><p>[vc_row css_animation=&#8221;&#8221; row_type=&#8221;row&#8221; use_row_as_full_screen_section=&#8221;no&#8221; type=&#8221;grid&#8221; angled_section=&#8221;no&#8221; text_align=&#8221;left&#8221; background_image_as_pattern=&#8221;without_pattern&#8221; el_id=&#8221;home&#8221;][vc_column css=&#8221;.vc_custom_1481556216373{margin-top: -76px !important;}&#8221;]<div class=\"qode-advanced-tabs qode-advanced-tabs qode-advanced-horizontal-tab clearfix qode-advanced-tab-with-icon qode-advanced-tabs-column-3 clearfix\">\n\t<ul class=\"qode-advanced-tabs-nav\">\n\t\t\t\t\t<li>\n\t\t\t\t<h5>\n\t\t\t\t\t<a href=\"#tab-experiencia\">\n\t\t\t\t\t\t\t\t\t\t\t\t\t<span class=\"qode-advanced-icon-frame\"><\/span>\n\t\t\t\t\t\t\n\t\t\t\t\t\t\t\t\t\t\t\t\t<span class=\"qode-advanced-tab-text-after-icon\">\n\t\t\t\t\t\t\t\tExperiencia\t\t\t\t\t\t\t<\/span>\n\t\t\t\t\t\t\t\t\t\t\t<\/a>\n\t\t\t\t<\/h5>\n\t\t\t<\/li>\n\t\t\t\t\t<li>\n\t\t\t\t<h5>\n\t\t\t\t\t<a href=\"#tab-ventajas\">\n\t\t\t\t\t\t\t\t\t\t\t\t\t<span class=\"qode-advanced-icon-frame\"><\/span>\n\t\t\t\t\t\t\n\t\t\t\t\t\t\t\t\t\t\t\t\t<span class=\"qode-advanced-tab-text-after-icon\">\n\t\t\t\t\t\t\t\tVentajas\t\t\t\t\t\t\t<\/span>\n\t\t\t\t\t\t\t\t\t\t\t<\/a>\n\t\t\t\t<\/h5>\n\t\t\t<\/li>\n\t\t\t\t\t<li>\n\t\t\t\t<h5>\n\t\t\t\t\t<a href=\"#tab-requisitos\">\n\t\t\t\t\t\t\t\t\t\t\t\t\t<span class=\"qode-advanced-icon-frame\"><\/span>\n\t\t\t\t\t\t\n\t\t\t\t\t\t\t\t\t\t\t\t\t<span class=\"qode-advanced-tab-text-after-icon\">\n\t\t\t\t\t\t\t\tRequisitos\t\t\t\t\t\t\t<\/span>\n\t\t\t\t\t\t\t\t\t\t\t<\/a>\n\t\t\t\t<\/h5>\n\t\t\t<\/li>\n\t\t\t<\/ul>\n\t<div class=\"qode-advanced-tab-container\" id=\"tab-experiencia-301\" data-icon-pack=\"font_elegant\" data-icon-html=\"&lt;span aria-hidden=&quot;true&quot; class=&quot;qode_icon_font_elegant icon_check_alt &quot; &gt;&lt;\/span&gt;\">[vc_row_inner row_type=&#8221;row&#8221; type=&#8221;full_width&#8221; text_align=&#8221;left&#8221; css_animation=&#8221;&#8221;][vc_column_inner width=&#8221;1\/2&#8243; offset=&#8221;vc_col-lg-3 vc_col-md-3&#8243;][qode_elements_holder number_of_columns=&#8221;one_column&#8221;][qode_elements_holder_item item_padding=&#8221;0 0 0 0&#8243; vertical_alignment=&#8221;top&#8221; advanced_animations=&#8221;no&#8221; item_padding_600_768=&#8221;0 0 23px 0&#8243; item_padding_480_600=&#8221;0 0 29px 0&#8243; item_padding_480=&#8221;0 0 29px 0&#8243;][vc_empty_space height=&#8221;5px&#8221;][vc_single_image image=&#8221;435&#8243; img_size=&#8221;full&#8221; qode_css_animation=&#8221;&#8221;][\/qode_elements_holder_item][\/qode_elements_holder][\/vc_column_inner][vc_column_inner width=&#8221;1\/2&#8243; offset=&#8221;vc_col-lg-3 vc_col-md-3&#8243;][qode_elements_holder number_of_columns=&#8221;one_column&#8221;][qode_elements_holder_item item_padding=&#8221;0 0 0 0&#8243; vertical_alignment=&#8221;top&#8221; advanced_animations=&#8221;no&#8221; item_padding_600_768=&#8221;0 0 23px 0&#8243; item_padding_480_600=&#8221;0 0 13px 0&#8243; item_padding_480=&#8221;0 0 13px 0&#8243;][vc_column_text]<\/p>\n<h5>Nosotros<\/h5>\n<p>[\/vc_column_text][vc_empty_space height=&#8221;13px&#8221;]<div class=\"q_list circle\">\n\t<\/p>\n<ul>\n<li><span style=\"color: #023368\">23\u00a0a\u00f1os de experiencia en la regi\u00f3n <\/span><\/li>\n<li><span style=\"color: #023368\">Partner de <a href=\"http:\/\/www.interfactor.cl\/\" target=\"_blank\">INTERFACTOR S.A.<\/a><\/span><\/li>\n<li><span style=\"color: #023368\">Capitales propios<\/span><\/li>\n<li><span style=\"color: #023368\">Cobertura regional y nacional<\/span><\/li>\n<li><span style=\"color: #023368\">Atenci\u00f3n personalizada<\/span><\/li>\n<li><span style=\"color: #023368\">Servicios a la medida de su empresa<\/span><\/li>\n<\/ul>\n<p><\/div>[\/qode_elements_holder_item][\/qode_elements_holder][\/vc_column_inner][vc_column_inner width=&#8221;1\/2&#8243; offset=&#8221;vc_col-lg-3 vc_col-md-3&#8243;][qode_elements_holder number_of_columns=&#8221;one_column&#8221;][qode_elements_holder_item item_padding=&#8221;0 0 0 0&#8243; vertical_alignment=&#8221;top&#8221; advanced_animations=&#8221;no&#8221; item_padding_480_600=&#8221;0 0 33px 0&#8243; item_padding_480=&#8221;0 0 33px 0&#8243;][vc_column_text]<\/p>\n<h5>Nuestra misi\u00f3n<\/h5>\n<p>[\/vc_column_text][vc_empty_space height=&#8221;14px&#8221;][vc_column_text]<\/p>\n<p style=\"text-align: justify;\">Apoyar especialmente a las micros y peque\u00f1as empresas de esta regi\u00f3n, en materias contables, financieras y de capital de trabajo, para que logren \u00e9xito en sus negocios.<\/p>\n<p>[\/vc_column_text][vc_empty_space height=&#8221;20px&#8221;][\/qode_elements_holder_item][\/qode_elements_holder][\/vc_column_inner][vc_column_inner el_class=&#8221;text-align-center&#8221; width=&#8221;1\/2&#8243; offset=&#8221;vc_col-lg-3 vc_col-md-3&#8243;][vc_empty_space height=&#8221;5px&#8221;][qode_elements_holder number_of_columns=&#8221;one_column&#8221; alignment_one_column=&#8221;center&#8221;][qode_elements_holder_item background_image=&#8221;308&#8243; item_padding=&#8221;56px 0 44px&#8221; vertical_alignment=&#8221;middle&#8221; advanced_animations=&#8221;no&#8221;][vc_column_text]<\/p>\n<h3 style=\"text-align: center;\"><span style=\"color: #ffffff;\">Comun\u00edquese<br \/>\ncon nosotros<\/span><\/h3>\n<p>[\/vc_column_text][vc_empty_space height=&#8221;37px&#8221;]<a  itemprop=\"url\" href=\"https:\/\/bvfactoring.cl\/web\/contacto\/\" target=\"_self\"  class=\"qbutton  center default\" style=\"\">Cont\u00e1ctenos<\/a>[\/qode_elements_holder_item][\/qode_elements_holder][\/vc_column_inner][\/vc_row_inner]<\/div><div class=\"qode-advanced-tab-container\" id=\"tab-ventajas-67\" data-icon-pack=\"font_elegant\" data-icon-html=\"&lt;span aria-hidden=&quot;true&quot; class=&quot;qode_icon_font_elegant icon_compass_alt &quot; &gt;&lt;\/span&gt;\">[vc_row_inner row_type=&#8221;row&#8221; type=&#8221;full_width&#8221; text_align=&#8221;left&#8221; css_animation=&#8221;&#8221;][vc_column_inner width=&#8221;1\/2&#8243; offset=&#8221;vc_col-lg-3 vc_col-md-3&#8243;][qode_elements_holder number_of_columns=&#8221;one_column&#8221;][qode_elements_holder_item item_padding=&#8221;0 0 0 0&#8243; vertical_alignment=&#8221;top&#8221; advanced_animations=&#8221;no&#8221; item_padding_600_768=&#8221;0 0 23px 0&#8243; item_padding_480_600=&#8221;0 0 29px 0&#8243; item_padding_480=&#8221;0 0 29px 0&#8243;][vc_empty_space height=&#8221;5px&#8221;][vc_single_image image=&#8221;441&#8243; img_size=&#8221;full&#8221; qode_css_animation=&#8221;&#8221;][\/qode_elements_holder_item][\/qode_elements_holder][\/vc_column_inner][vc_column_inner width=&#8221;1\/2&#8243; offset=&#8221;vc_col-lg-3 vc_col-md-3&#8243;][qode_elements_holder number_of_columns=&#8221;one_column&#8221;][qode_elements_holder_item item_padding=&#8221;0 0 0 0&#8243; vertical_alignment=&#8221;top&#8221; advanced_animations=&#8221;no&#8221; item_padding_600_768=&#8221;0 0 23px 0&#8243; item_padding_480_600=&#8221;0 0 13px 0&#8243; item_padding_480=&#8221;0 0 13px 0&#8243;][vc_column_text]<\/p>\n<h5>Recursos inmediatos<\/h5>\n<p>[\/vc_column_text][vc_empty_space height=&#8221;13px&#8221;]<div class=\"q_list circle\">\n\t<\/p>\n<ul>\n<li><span style=\"color: #023368\">Financie el pago de sus facturas, cheques o letras<br \/>\n<\/span><\/li>\n<li><span style=\"color: #023368\">Obtenga liquidez inmediata<\/span><\/li>\n<li><span style=\"color: #023368\">Mejore el flujo de caja<\/span><\/li>\n<li><span style=\"color: #023368\">Traspase la cobranza directa<\/span><\/li>\n<li><span style=\"color: #023368\">Bajo costo por servicio<\/span><\/li>\n<\/ul>\n<p><\/div>[\/qode_elements_holder_item][\/qode_elements_holder][\/vc_column_inner][vc_column_inner width=&#8221;1\/2&#8243; offset=&#8221;vc_col-lg-3 vc_col-md-3&#8243;][qode_elements_holder number_of_columns=&#8221;one_column&#8221;][qode_elements_holder_item item_padding=&#8221;0 0 0 0&#8243; vertical_alignment=&#8221;top&#8221; advanced_animations=&#8221;no&#8221; item_padding_480_600=&#8221;0 0 29px 0&#8243; item_padding_480=&#8221;0 0 29px 0&#8243;][vc_empty_space height=&#8221;5px&#8221;][vc_single_image image=&#8221;443&#8243; img_size=&#8221;full&#8221; qode_css_animation=&#8221;&#8221;][\/qode_elements_holder_item][\/qode_elements_holder][\/vc_column_inner][vc_column_inner width=&#8221;1\/2&#8243; offset=&#8221;vc_col-lg-3 vc_col-md-3&#8243;][qode_elements_holder number_of_columns=&#8221;one_column&#8221;][qode_elements_holder_item item_padding=&#8221;0 0 0 0&#8243; vertical_alignment=&#8221;top&#8221; advanced_animations=&#8221;no&#8221;][vc_column_text]<\/p>\n<h5>Seriedad y eficiencia<\/h5>\n<p>[\/vc_column_text][vc_empty_space height=&#8221;14px&#8221;][vc_column_text]<\/p>\n<p style=\"text-align: left;\">El sistema permite trabajar juntos bajo la normativa de un contrato, mediante el cual su empresa recibir\u00e1 el dinero de sus facturas en forma inmediata, si es aprobada la operaci\u00f3n con un costo razonable.<\/p>\n<p>[\/vc_column_text][vc_empty_space height=&#8221;20px&#8221;][\/qode_elements_holder_item][\/qode_elements_holder][\/vc_column_inner][\/vc_row_inner]<\/div><div class=\"qode-advanced-tab-container\" id=\"tab-requisitos-157\" data-icon-pack=\"font_elegant\" data-icon-html=\"&lt;span aria-hidden=&quot;true&quot; class=&quot;qode_icon_font_elegant icon_lightbulb_alt &quot; &gt;&lt;\/span&gt;\">[vc_row_inner row_type=&#8221;row&#8221; type=&#8221;full_width&#8221; text_align=&#8221;left&#8221; css_animation=&#8221;&#8221;][vc_column_inner width=&#8221;1\/2&#8243; offset=&#8221;vc_col-lg-3 vc_col-md-3&#8243;][qode_elements_holder number_of_columns=&#8221;one_column&#8221;][qode_elements_holder_item item_padding=&#8221;0 0 0 0&#8243; vertical_alignment=&#8221;top&#8221; advanced_animations=&#8221;no&#8221; item_padding_600_768=&#8221;0 0 23px 0&#8243; item_padding_480_600=&#8221;0 0 29px 0&#8243; item_padding_480=&#8221;0 0 29px 0&#8243;][vc_empty_space height=&#8221;5px&#8221;][vc_single_image image=&#8221;448&#8243; img_size=&#8221;full&#8221; qode_css_animation=&#8221;&#8221;][\/qode_elements_holder_item][\/qode_elements_holder][\/vc_column_inner][vc_column_inner width=&#8221;1\/2&#8243; offset=&#8221;vc_col-lg-3 vc_col-md-3&#8243;][qode_elements_holder number_of_columns=&#8221;one_column&#8221;][qode_elements_holder_item item_padding=&#8221;0 0 0 0&#8243; vertical_alignment=&#8221;top&#8221; advanced_animations=&#8221;no&#8221; item_padding_600_768=&#8221;0 0 23px 0&#8243; item_padding_480_600=&#8221;0 0 13px 0&#8243; item_padding_480=&#8221;0 0 13px 0&#8243;][vc_column_text]<\/p>\n<h5>Se solicita:<\/h5>\n<p>[\/vc_column_text][vc_empty_space height=&#8221;13px&#8221;]<div class=\"q_list circle\">\n\t<\/p>\n<ul>\n<li><span style=\"color: #023368\">Buenos informes comerciales<\/span><\/li>\n<li><span style=\"color: #023368\">Al menos 1 a\u00f1o de antiguedad<\/span><\/li>\n<li><span style=\"color: #023368\">Copias de escrituras<\/span><\/li>\n<li><span style=\"color: #023368\">Balances, ivas, etc<\/span><\/li>\n<\/ul>\n<p><\/div>[\/qode_elements_holder_item][\/qode_elements_holder][\/vc_column_inner][vc_column_inner width=&#8221;1\/2&#8243; offset=&#8221;vc_col-lg-3 vc_col-md-3&#8243;][qode_elements_holder number_of_columns=&#8221;one_column&#8221;][qode_elements_holder_item item_padding=&#8221;0 0 0 0&#8243; vertical_alignment=&#8221;top&#8221; advanced_animations=&#8221;no&#8221; item_padding_480_600=&#8221;0 0 33px 0&#8243; item_padding_480=&#8221;0 0 33px 0&#8243;][vc_column_text]<\/p>\n<h5>Documentos<\/h5>\n<p>[\/vc_column_text][vc_empty_space height=&#8221;14px&#8221;][vc_column_text]<\/p>\n<p style=\"text-align: left;\">Los requisitos para las personas naturales con giro y para las sociedades son distintas y estan detalladas en nuestra web. La oportuna presentacion de estos antecedentes, permitir\u00e1 otorgar el financiamiento en forma expedita.<\/p>\n<p>[\/vc_column_text][vc_empty_space height=&#8221;20px&#8221;]<a  itemprop=\"url\" href=\"https:\/\/bvfactoring.cl\/web\/requisitos\/\" target=\"_self\"  class=\"qbutton  center default\" style=\"\">Dcoumentos solicitados<\/a>[\/qode_elements_holder_item][\/qode_elements_holder][\/vc_column_inner][vc_column_inner width=&#8221;1\/2&#8243; offset=&#8221;vc_col-lg-3 vc_col-md-3&#8243;][qode_elements_holder number_of_columns=&#8221;one_column&#8221;][qode_elements_holder_item item_padding=&#8221;0 0 0 0&#8243; vertical_alignment=&#8221;middle&#8221; advanced_animations=&#8221;no&#8221;][vc_empty_space height=&#8221;5px&#8221;][vc_single_image image=&#8221;450&#8243; img_size=&#8221;full&#8221; qode_css_animation=&#8221;&#8221;][\/qode_elements_holder_item][\/qode_elements_holder][\/vc_column_inner][\/vc_row_inner]<\/div><\/div>[\/vc_column][\/vc_row]<\/p>\n<\/div>","protected":false},"excerpt":{"rendered":"<p>[vc_row css_animation=&#8221;&#8221; row_type=&#8221;row&#8221; use_row_as_full_screen_section=&#8221;no&#8221; type=&#8221;grid&#8221; angled_section=&#8221;no&#8221; text_align=&#8221;left&#8221; background_image_as_pattern=&#8221;without_pattern&#8221; el_id=&#8221;home&#8221;][vc_column css=&#8221;.vc_custom_1481556216373{margin-top: -76px !important;}&#8221;][\/vc_column][\/vc_row]<\/p>\n","protected":false},"author":1,"featured_media":0,"parent":0,"menu_order":0,"comment_status":"closed","ping_status":"closed","template":"full_width.php","meta":{"footnotes":""},"class_list":["post-386","page","type-page","status-publish","hentry"],"_links":{"self":[{"href":"https:\/\/bvfactoring.cl\/web\/wp-json\/wp\/v2\/pages\/386","targetHints":{"allow":["GET"]}}],"collection":[{"href":"https:\/\/bvfactoring.cl\/web\/wp-json\/wp\/v2\/pages"}],"about":[{"href":"https:\/\/bvfactoring.cl\/web\/wp-json\/wp\/v2\/types\/page"}],"author":[{"embeddable":true,"href":"https:\/\/bvfactoring.cl\/web\/wp-json\/wp\/v2\/users\/1"}],"replies":[{"embeddable":true,"href":"https:\/\/bvfactoring.cl\/web\/wp-json\/wp\/v2\/comments?post=386"}],"version-history":[{"count":27,"href":"https:\/\/bvfactoring.cl\/web\/wp-json\/wp\/v2\/pages\/386\/revisions"}],"predecessor-version":[{"id":536,"href":"https:\/\/bvfactoring.cl\/web\/wp-json\/wp\/v2\/pages\/386\/revisions\/536"}],"wp:attachment":[{"href":"https:\/\/bvfactoring.cl\/web\/wp-json\/wp\/v2\/media?parent=386"}],"curies":[{"name":"wp","href":"https:\/\/api.w.org\/{rel}","templated":true}]}}