{"id":7,"date":"2017-07-26T17:21:42","date_gmt":"2017-07-26T17:21:42","guid":{"rendered":"http:\/\/bvfactoring.cl\/web\/?page_id=7"},"modified":"2025-05-15T11:22:55","modified_gmt":"2025-05-15T15:22:55","slug":"quienes-somos","status":"publish","type":"page","link":"https:\/\/bvfactoring.cl\/web\/quienes-somos\/","title":{"rendered":"Qui\u00e9nes somos"},"content":{"rendered":"<div class=\"wpb-content-wrapper\"><p>[vc_row css_animation=&#8221;&#8221; row_type=&#8221;row&#8221; use_row_as_full_screen_section=&#8221;no&#8221; type=&#8221;grid&#8221; angled_section=&#8221;no&#8221; text_align=&#8221;center&#8221; background_image_as_pattern=&#8221;without_pattern&#8221; css=&#8221;.vc_custom_1502384073143{padding-top: 0px !important;padding-bottom: 19px !important;}&#8221;][vc_column][vc_column_text]<\/p>\n<h3>Cumplimos\u00a023 a\u00f1os de presencia en la Regi\u00f3n de Ays\u00e9n.<\/h3>\n<p>[\/vc_column_text][vc_empty_space height=&#8221;30px&#8221;][vc_row_inner row_type=&#8221;row&#8221; type=&#8221;full_width&#8221; text_align=&#8221;left&#8221; css_animation=&#8221;&#8221;][vc_column_inner width=&#8221;1\/2&#8243;][vc_column_text]<\/p>\n<h6 style=\"text-align: justify;\"><strong>Asesor\u00eda e Inversiones Bellavista S.A.<\/strong> o <strong>BV Factoring S.A.<\/strong> fue constitu\u00edda el 27 de Septiembre de 2002 en la XI\u00a0 Regi\u00f3n de Ays\u00e9n, como una empresa dedicada a las Asesorias Contables y Financieras y al\u00a0 desarrollo de Servicios Financieros de Factoring, con el prop\u00f3sito de apoyar especialmente a las micros y peque\u00f1as empresas de esta regi\u00f3n, en materias contables, financieras y de capital de trabajo, para lograr el \u00e9xito en sus negocios.<\/h6>\n<p>[\/vc_column_text][\/vc_column_inner][vc_column_inner width=&#8221;1\/2&#8243;][vc_column_text]<\/p>\n<h6 style=\"text-align: justify;\"><strong>BV Factoring, <\/strong>mediante capitales propios y cr\u00e9ditos bancarios, cuenta con los recursos suficientes para atender a todas las peque\u00f1as y medianas empresas que requieran de nuestros servicios en la XI\u00a0 Regi\u00f3n de Ays\u00e9n. Adem\u00e1s,\u00a0 a trav\u00e9s de un acuerdo comercial celebrado en el a\u00f1o 2007 con <a href=\"http:\/\/www.interfactor.cl\/sucursales.php?id=5&amp;seccion=sucursales\" target=\"_blank\"><strong>INTERFACTOR S.A<\/strong><\/a>. somos capaces de ofrecer nuestros servicios a gran parte de nuestro pa\u00eds, transform\u00e1ndonos en el principal factoring de esta Regi\u00f3n.<\/h6>\n<p>[\/vc_column_text][\/vc_column_inner][\/vc_row_inner][vc_empty_space height=&#8221;30px&#8221;][vc_column_text]<\/p>\n<h3>Nuestras principales fortalezas<\/h3>\n<p>[\/vc_column_text][vc_empty_space height=&#8221;30px&#8221;][\/vc_column][\/vc_row][vc_row css_animation=&#8221;&#8221; row_type=&#8221;row&#8221; use_row_as_full_screen_section=&#8221;no&#8221; type=&#8221;grid&#8221; angled_section=&#8221;no&#8221; text_align=&#8221;center&#8221; background_image_as_pattern=&#8221;without_pattern&#8221; css=&#8221;.vc_custom_1481556947144{padding-bottom: 103px !important;}&#8221;][vc_column]<div class=\"qode-numbered-process-holder qode-numbered-process-holder-items-four qodef-np-padding-medium qode-np-line-dashed qode-np-line-skin-dark\">\n\t<div class=\"qode-numbered-process-inner\">\n\t\t<div class=\"qode-np-item\">\n\t<div class=\"qode-np-item-image-holder\">\n\t\t\t\t\t<div class=\"qode-np-item-image-inner\" style=\"border-color: #ffffff; border-width: 13px\">\n\t\t\t\t<div class=\"qode-np-item-image-table\">\n\t\t\t\t\t<div class=\"qode-np-item-image-table-cell\">\n\t\t\t\t\t\t<img decoding=\"async\" src=\"https:\/\/bvfactoring.cl\/web\/wp-content\/uploads\/2016\/09\/experiencia-1.jpg\" alt=\"qode-np-item\"\/>\n\t\t\t\t\t<\/div>\n\t\t\t\t<\/div>\n\t\t\t\t\t\t\t\t\t<span class=\"qode-np-item-number\" style=\"color: #ffffff; background-color: #f75a27\">1<\/span>\n\t\t\t\t\t\t\t<\/div>\n\t\t\t\t\t\t\t<h5 class=\"qode-np-title\" style=\"color: #ffffff\">\n\t\t\t\tExperiencia\t\t\t<\/h5>\n\t\t\t\t<span class=\"qode-np-line\"><\/span>\n\t<\/div>\n\t<\/div><div class=\"qode-np-item\">\n\t<div class=\"qode-np-item-image-holder\">\n\t\t\t\t\t<div class=\"qode-np-item-image-inner\" style=\"border-color: #ffffff; border-width: 13px\">\n\t\t\t\t<div class=\"qode-np-item-image-table\">\n\t\t\t\t\t<div class=\"qode-np-item-image-table-cell\">\n\t\t\t\t\t\t<img decoding=\"async\" src=\"https:\/\/bvfactoring.cl\/web\/wp-content\/uploads\/2017\/07\/c.jpg\" alt=\"qode-np-item\"\/>\n\t\t\t\t\t<\/div>\n\t\t\t\t<\/div>\n\t\t\t\t\t\t\t\t\t<span class=\"qode-np-item-number\" style=\"color: #ffffff; background-color: #f75a27\">2<\/span>\n\t\t\t\t\t\t\t<\/div>\n\t\t\t\t\t\t\t<h5 class=\"qode-np-title\" style=\"color: #ffffff\">\n\t\t\t\tTransparencia\t\t\t<\/h5>\n\t\t\t\t<span class=\"qode-np-line\"><\/span>\n\t<\/div>\n\t<\/div><div class=\"qode-np-item\">\n\t<div class=\"qode-np-item-image-holder\">\n\t\t\t\t\t<div class=\"qode-np-item-image-inner\" style=\"border-color: #ffffff; border-width: 13px\">\n\t\t\t\t<div class=\"qode-np-item-image-table\">\n\t\t\t\t\t<div class=\"qode-np-item-image-table-cell\">\n\t\t\t\t\t\t<img decoding=\"async\" src=\"https:\/\/bvfactoring.cl\/web\/wp-content\/uploads\/2017\/07\/a.jpg\" alt=\"qode-np-item\"\/>\n\t\t\t\t\t<\/div>\n\t\t\t\t<\/div>\n\t\t\t\t\t\t\t\t\t<span class=\"qode-np-item-number\" style=\"color: #ffffff; background-color: #f75a27\">3<\/span>\n\t\t\t\t\t\t\t<\/div>\n\t\t\t\t\t\t\t<h5 class=\"qode-np-title\" style=\"color: #ffffff\">\n\t\t\t\tCompromiso\t\t\t<\/h5>\n\t\t\t\t<span class=\"qode-np-line\"><\/span>\n\t<\/div>\n\t<\/div><div class=\"qode-np-item\">\n\t<div class=\"qode-np-item-image-holder\">\n\t\t\t\t\t<div class=\"qode-np-item-image-inner\" style=\"border-color: #ffffff; border-width: 13px\">\n\t\t\t\t<div class=\"qode-np-item-image-table\">\n\t\t\t\t\t<div class=\"qode-np-item-image-table-cell\">\n\t\t\t\t\t\t<img decoding=\"async\" src=\"https:\/\/bvfactoring.cl\/web\/wp-content\/uploads\/2017\/07\/b.jpg\" alt=\"qode-np-item\"\/>\n\t\t\t\t\t<\/div>\n\t\t\t\t<\/div>\n\t\t\t\t\t\t\t\t\t<span class=\"qode-np-item-number\" style=\"color: #ffffff; background-color: #f75a27\">4<\/span>\n\t\t\t\t\t\t\t<\/div>\n\t\t\t\t\t\t\t<h5 class=\"qode-np-title\" style=\"color: #ffffff\">\n\t\t\t\tRapidez\t\t\t<\/h5>\n\t\t\t\t<span class=\"qode-np-line\"><\/span>\n\t<\/div>\n\t<\/div>\t<\/div>\n<\/div>[\/vc_column][\/vc_row]<\/p>\n<\/div>","protected":false},"excerpt":{"rendered":"<p>[vc_row css_animation=&#8221;&#8221; row_type=&#8221;row&#8221; use_row_as_full_screen_section=&#8221;no&#8221; type=&#8221;grid&#8221; angled_section=&#8221;no&#8221; text_align=&#8221;center&#8221; background_image_as_pattern=&#8221;without_pattern&#8221; css=&#8221;.vc_custom_1502384073143{padding-top: 0px !important;padding-bottom: 19px !important;}&#8221;][vc_column][vc_column_text] Cumplimos\u00a023 a\u00f1os de presencia en la Regi\u00f3n de Ays\u00e9n. [\/vc_column_text][vc_empty_space height=&#8221;30px&#8221;][vc_row_inner row_type=&#8221;row&#8221; type=&#8221;full_width&#8221; text_align=&#8221;left&#8221; css_animation=&#8221;&#8221;][vc_column_inner width=&#8221;1\/2&#8243;][vc_column_text] Asesor\u00eda e Inversiones Bellavista S.A. o BV Factoring S.A. fue constitu\u00edda el 27 de Septiembre de&#8230;<\/p>\n","protected":false},"author":1,"featured_media":0,"parent":0,"menu_order":0,"comment_status":"closed","ping_status":"closed","template":"","meta":{"footnotes":""},"class_list":["post-7","page","type-page","status-publish","hentry"],"_links":{"self":[{"href":"https:\/\/bvfactoring.cl\/web\/wp-json\/wp\/v2\/pages\/7","targetHints":{"allow":["GET"]}}],"collection":[{"href":"https:\/\/bvfactoring.cl\/web\/wp-json\/wp\/v2\/pages"}],"about":[{"href":"https:\/\/bvfactoring.cl\/web\/wp-json\/wp\/v2\/types\/page"}],"author":[{"embeddable":true,"href":"https:\/\/bvfactoring.cl\/web\/wp-json\/wp\/v2\/users\/1"}],"replies":[{"embeddable":true,"href":"https:\/\/bvfactoring.cl\/web\/wp-json\/wp\/v2\/comments?post=7"}],"version-history":[{"count":16,"href":"https:\/\/bvfactoring.cl\/web\/wp-json\/wp\/v2\/pages\/7\/revisions"}],"predecessor-version":[{"id":537,"href":"https:\/\/bvfactoring.cl\/web\/wp-json\/wp\/v2\/pages\/7\/revisions\/537"}],"wp:attachment":[{"href":"https:\/\/bvfactoring.cl\/web\/wp-json\/wp\/v2\/media?parent=7"}],"curies":[{"name":"wp","href":"https:\/\/api.w.org\/{rel}","templated":true}]}}